{"id":858,"date":"2022-07-27T07:25:41","date_gmt":"2022-07-27T07:25:41","guid":{"rendered":"http:\/\/nichos.amarillolimon.net\/?page_id=858"},"modified":"2022-11-18T07:24:55","modified_gmt":"2022-11-18T07:24:55","slug":"quienes-somos","status":"publish","type":"page","link":"https:\/\/todaslasplantas.com\/blog\/quienes-somos\/","title":{"rendered":"Quienes somos"},"content":{"rendered":"\n<div class=\"wp-block-columns is-layout-flex wp-container-core-columns-layout-1 wp-block-columns-is-layout-flex\">\n<div class=\"wp-block-column is-layout-flow wp-block-column-is-layout-flow\" style=\"flex-basis:66.66%\">\n<p><a href=\"https:\/\/todaslasplantas.com\/\" target=\"_blank\" aria-label=\"Todaslasplantas.com (opens in a new tab)\" rel=\"noreferrer noopener\" class=\"rank-math-link\">Todaslasplantas.com<\/a> es el departamento de venta online de una de las mayores empresas importadoras de flores y plantas artificiales de Espa\u00f1a.<\/p>\n\n\n\n<p>Todos nuestros art\u00edculos son de la m\u00e1xima calidad, tanto en dise\u00f1o como en fabricaci\u00f3n, mas de 40 a\u00f1os en este sector nos avalan.<\/p>\n\n\n\n<p>Contamos con un amplio stock de todas las plantas y la infraestructura necesaria para suministrarle su pedido de una forma r\u00e1pida y c\u00f3moda.<\/p>\n\n\n\n<p class=\"has-medium-font-size\">\u00a1<strong>Decorar con plantas artificiales nunca hab\u00eda sido tan f\u00e1cil<\/strong>!<\/p>\n\n\n\n<div style=\"height:20px\" aria-hidden=\"true\" class=\"wp-block-spacer\"><\/div>\n\n\n\n<h2 class=\"wp-block-heading\">Nuestra empresa<\/h2>\n\n\n\n<p>Somos especialistas en venta online de&nbsp;<a href=\"https:\/\/todaslasplantas.com\/210-plantas-artificiales\">plantas artificiales<\/a> y plantas con <a href=\"https:\/\/todaslasplantas.com\/209-flores-artificiales\">flores artificiales<\/a>: palmera artificial, palmeras artificiales, seto artificial, <a href=\"https:\/\/todaslasplantas.com\/202-setos-artificiales\">setos artificiales<\/a>, bamb\u00fa artificial, decoraci\u00f3n con plantas artificiales,&nbsp;<a href=\"https:\/\/todaslasplantas.com\/201-macetas-y-jardineras\">maceteros<\/a> y \u00e1rboles artificiales, plantas decorativas, para interior y exterior, <a class=\"rank-math-link\" href=\"https:\/\/todaslasplantas.com\/196-plantas-colgantes-y-enredaderas-artificiales\">jard\u00edn vertical artificial<\/a>, todo tipo de hiedras artificiales, geranios artificiales.<\/p>\n\n\n\n<p>Enviamos nuestras flores y plantas artificiales a toda Espa\u00f1a: Madrid, Valencia, Barcelona, Sevilla, Bilbao, Coru\u00f1a, Sevilla&#8230;<\/p>\n<\/div>\n\n\n\n<div class=\"wp-block-column is-layout-flow wp-block-column-is-layout-flow\" style=\"flex-basis:33.33%\">\n<figure class=\"wp-block-image size-full\"><img loading=\"lazy\" decoding=\"async\" width=\"652\" height=\"652\" src=\"https:\/\/todaslasplantas.com\/blog\/wp-content\/uploads\/2022\/09\/perfil.jpg\" alt=\"\" class=\"wp-image-6758\" srcset=\"https:\/\/todaslasplantas.com\/blog\/wp-content\/uploads\/2022\/09\/perfil.jpg 652w, https:\/\/todaslasplantas.com\/blog\/wp-content\/uploads\/2022\/09\/perfil-180x180.jpg 180w\" sizes=\"(max-width: 652px) 100vw, 652px\" \/><\/figure>\n\n\n\n<h3 class=\"nombre-quienes wp-block-heading\"><a href=\"\/blog\/author\/carla\/\"><strong>Carla Moraga<\/strong><\/a><\/h3>\n\n\n\n<p class=\"desc-quienes\">Decoradora de Andudecor y\u00a0<a href=\"https:\/\/todaslasplantas.com\/\">todaslasplantas.com<\/a><br>Experta en decoraci\u00f3n de interior y venta de plantas artificiales<\/p>\n\n\n\n<p style=\"margin-bottom: 0.5em\"><a class=\"rrss-icons\" href=\"https:\/\/www.instagram.com\/todaslasplantasweb\/\" target=\"_blank\" rel=\"noopener\"><img decoding=\"async\" loading=\"lazy\" src=\"\/blog\/wp-content\/uploads\/2022\/09\/ing.png\" alt=\"Instagram\" title=\"Instagram\" width=\"30\"><\/a>  <a class=\"rrss-icons\" href=\"https:\/\/www.facebook.com\/Todaslasplantascom-457907584226228\/\" target=\"_blank\" rel=\"noopener\"><img decoding=\"async\" loading=\"lazy\" src=\"\/blog\/wp-content\/uploads\/2022\/09\/fb.png\" alt=\"Facebook\" title=\"Facebook\" width=\"30\"><\/a><\/p>\n\n\n\n<p class=\"enlaces-quienes\"><a href=\"\/blog\/author\/carla\/\" class=\"rank-math-link\">Ver publicaciones de Carla<\/a> | <a aria-label=\" (opens in a new tab)\" href=\"https:\/\/todaslasplantas.com\/\" target=\"_blank\" rel=\"noreferrer noopener\" class=\"rank-math-link\">Sitio web<\/a><\/p>\n<\/div>\n<\/div>\n\n\n\n<div class=\"wp-block-columns is-layout-flex wp-container-core-columns-layout-2 wp-block-columns-is-layout-flex\">\n<div class=\"wp-block-column is-layout-flow wp-block-column-is-layout-flow\">\n<figure class=\"wp-block-image size-full\"><img loading=\"lazy\" decoding=\"async\" width=\"800\" height=\"450\" src=\"https:\/\/todaslasplantas.com\/blog\/wp-content\/uploads\/2022\/09\/quienes-somos-1.jpg\" alt=\"M\u00e1s de 40 a\u00f1os de experiencia\" class=\"wp-image-6777\" srcset=\"https:\/\/todaslasplantas.com\/blog\/wp-content\/uploads\/2022\/09\/quienes-somos-1.jpg 800w, https:\/\/todaslasplantas.com\/blog\/wp-content\/uploads\/2022\/09\/quienes-somos-1-768x432.jpg 768w\" sizes=\"(max-width: 800px) 100vw, 800px\" \/><\/figure>\n<\/div>\n\n\n\n<div class=\"wp-block-column is-layout-flow wp-block-column-is-layout-flow\">\n<figure class=\"wp-block-image size-full\"><img loading=\"lazy\" decoding=\"async\" width=\"800\" height=\"450\" src=\"https:\/\/todaslasplantas.com\/blog\/wp-content\/uploads\/2022\/09\/quienes-somos-2.jpg\" alt=\"Art\u00edculos de m\u00e1xima calidad\" class=\"wp-image-6778\" srcset=\"https:\/\/todaslasplantas.com\/blog\/wp-content\/uploads\/2022\/09\/quienes-somos-2.jpg 800w, https:\/\/todaslasplantas.com\/blog\/wp-content\/uploads\/2022\/09\/quienes-somos-2-768x432.jpg 768w\" sizes=\"(max-width: 800px) 100vw, 800px\" \/><\/figure>\n<\/div>\n<\/div>\n\n\n\n<div class=\"wp-block-columns is-layout-flex wp-container-core-columns-layout-3 wp-block-columns-is-layout-flex\">\n<div class=\"wp-block-column is-layout-flow wp-block-column-is-layout-flow\">\n<figure class=\"wp-block-image size-full\"><img loading=\"lazy\" decoding=\"async\" width=\"800\" height=\"450\" src=\"https:\/\/todaslasplantas.com\/blog\/wp-content\/uploads\/2022\/09\/quienes-somos-3.jpg\" alt=\"Especialistas de venta online de plantas artificiales\" class=\"wp-image-6779\" srcset=\"https:\/\/todaslasplantas.com\/blog\/wp-content\/uploads\/2022\/09\/quienes-somos-3.jpg 800w, https:\/\/todaslasplantas.com\/blog\/wp-content\/uploads\/2022\/09\/quienes-somos-3-768x432.jpg 768w\" sizes=\"(max-width: 800px) 100vw, 800px\" \/><\/figure>\n<\/div>\n\n\n\n<div class=\"wp-block-column is-layout-flow wp-block-column-is-layout-flow\">\n<figure class=\"wp-block-image size-full\"><img loading=\"lazy\" decoding=\"async\" width=\"800\" height=\"450\" src=\"https:\/\/todaslasplantas.com\/blog\/wp-content\/uploads\/2022\/09\/quienes-somos-4.jpg\" alt=\"Enviamos a toda Espa\u00f1a\" class=\"wp-image-6780\" srcset=\"https:\/\/todaslasplantas.com\/blog\/wp-content\/uploads\/2022\/09\/quienes-somos-4.jpg 800w, https:\/\/todaslasplantas.com\/blog\/wp-content\/uploads\/2022\/09\/quienes-somos-4-768x432.jpg 768w\" sizes=\"(max-width: 800px) 100vw, 800px\" \/><\/figure>\n<\/div>\n<\/div>\n\n\n\n<div class=\"wp-block-columns has-base-2-background-color has-background is-layout-flex wp-container-core-columns-layout-4 wp-block-columns-is-layout-flex\">\n<div class=\"wp-block-column is-layout-flow wp-block-column-is-layout-flow\" style=\"flex-basis:33.33%\"><div class=\"glsr glsr-default\" id=\"glsr_4a1172d9\" data-from='block' data-shortcode='site_reviews_summary'><div class=\"glsr-summary-wrap\">\n    <div class=\"glsr-summary\">\n        <div class=\"glsr-summary-rating\"><span class=\"glsr-tag-value\">5,0<\/span><\/div>\n        <div class=\"glsr-summary-stars\"><div class=\"glsr-star-rating glsr-stars\" data-rating=\"5,0\" data-reviews=\"0\">\n    <span class=\"screen-reader-text\">Valorado con 5,0 de 5<\/span>\n    <span class=\"glsr-star glsr-star-full\" aria-hidden=\"true\"><\/span><span class=\"glsr-star glsr-star-full\" aria-hidden=\"true\"><\/span><span class=\"glsr-star glsr-star-full\" aria-hidden=\"true\"><\/span><span class=\"glsr-star glsr-star-full\" aria-hidden=\"true\"><\/span><span class=\"glsr-star glsr-star-full\" aria-hidden=\"true\"><\/span>\n<\/div><\/div>\n        <div class=\"glsr-summary-text\"><span class=\"glsr-tag-value\">5,0 de 5 estrellas (basado en 2 rese\u00f1as)<\/span><\/div>\n        <div class=\"glsr-summary-percentages\"><div class=\"glsr-bar\" data-level='5'><span class=\"glsr-bar-label\">Excelente<\/span><span class=\"glsr-bar-background\"><span class=\"glsr-bar-background-percent\" style=\"width:100%\"><\/span><\/span><span class=\"glsr-bar-percent\">100%<\/span><\/div><div class=\"glsr-bar\" data-level='4'><span class=\"glsr-bar-label\">Muy buena<\/span><span class=\"glsr-bar-background\"><span class=\"glsr-bar-background-percent\" style=\"width:0%\"><\/span><\/span><span class=\"glsr-bar-percent\">0%<\/span><\/div><div class=\"glsr-bar\" data-level='3'><span class=\"glsr-bar-label\">Media<\/span><span class=\"glsr-bar-background\"><span class=\"glsr-bar-background-percent\" style=\"width:0%\"><\/span><\/span><span class=\"glsr-bar-percent\">0%<\/span><\/div><div class=\"glsr-bar\" data-level='2'><span class=\"glsr-bar-label\">Mala<\/span><span class=\"glsr-bar-background\"><span class=\"glsr-bar-background-percent\" style=\"width:0%\"><\/span><\/span><span class=\"glsr-bar-percent\">0%<\/span><\/div><div class=\"glsr-bar\" data-level='1'><span class=\"glsr-bar-label\">Muy mala<\/span><span class=\"glsr-bar-background\"><span class=\"glsr-bar-background-percent\" style=\"width:0%\"><\/span><\/span><span class=\"glsr-bar-percent\">0%<\/span><\/div><\/div>\n    <\/div>\n<\/div><\/div><\/div>\n\n\n\n<div class=\"wp-block-column is-layout-flow wp-block-column-is-layout-flow\" style=\"flex-basis:66.66%\"><div class=\"glsr glsr-default\" id=\"glsr_0a053f1d\" data-from='block' data-shortcode='site_reviews' data-display='1' data-pagination='ajax'><div class=\"glsr-reviews-wrap\">\n    <div class=\"glsr-reviews\">\n        <div class=\"glsr-review\" data-type=\"local\" id=\"review-7083\" data-assigned='{\"assigned_posts\":[6432]}'>\n    <div class=\"glsr-review-title\"><h4 class=\"glsr-tag-value\">Mi peque\u00f1a opini\u00f3n.<\/h4><\/div>\n    <div class=\"glsr-review-rating\"><div class=\"glsr-star-rating glsr-stars\" data-rating=\"5,0\" data-reviews=\"0\">\n    <span class=\"screen-reader-text\">Valorado con 5,0 de 5<\/span>\n    <span class=\"glsr-star glsr-star-full\" aria-hidden=\"true\"><\/span><span class=\"glsr-star glsr-star-full\" aria-hidden=\"true\"><\/span><span class=\"glsr-star glsr-star-full\" aria-hidden=\"true\"><\/span><span class=\"glsr-star glsr-star-full\" aria-hidden=\"true\"><\/span><span class=\"glsr-star glsr-star-full\" aria-hidden=\"true\"><\/span>\n<\/div><\/div> <div class=\"glsr-review-date\"><span class=\"glsr-tag-value\">31 julio 2023<\/span><\/div>\n    \n    <div class=\"glsr-review-content\"><div class=\"glsr-tag-value\" data-expanded='false'><p class=\"glsr-hidden-text\" data-show-less='Mostrar menos' data-show-more='Mostrar m\u00e1s' data-trigger='expand'>Las plantas artificiales colgantes son una forma de dar vida y color a nuestro hogar sin tener que preocuparnos por su cuidado. Existen muchas opciones<span class=\"glsr-hidden\"> para elegir la que m\u00e1s nos guste y se adapte a nuestro espacio y estilo. Podemos encontrar desde hiedras hasta helechos, pasando por boj o guirnaldas, con diferentes formas, tama\u00f1os y tonos de verde. Adem\u00e1s, podemos combinarlas con maceteros, cestas, macram\u00e9 o ganchos para colgarlas del techo, de la pared o de una estanter\u00eda. Tambi\u00e9n podemos a\u00f1adirles luces LED para crear un ambiente m\u00e1s acogedor y original.<\/span><\/p>\n<p class=\"glsr-hidden\">Las ventajas de las plantas artificiales colgantes son muchas: no necesitan riego, poda ni abono, no atraen insectos ni alergias, son resistentes a los rayos UV y al desgaste, y se pueden limpiar f\u00e1cilmente con un pa\u00f1o h\u00famedo o un plumero. As\u00ed, podemos disfrutar de la belleza y el frescor de la naturaleza sin tener que dedicarle tiempo ni dinero.<\/p>\n<p class=\"glsr-hidden\">Las plantas artificiales colgantes son una buena alternativa para decorar nuestro hogar con un toque verde y natural. Podemos usarlas tanto en el interior como en el exterior, y crear composiciones variadas y originales. Con ellas, podemos transformar cualquier rinc\u00f3n en un oasis de tranquilidad y armon\u00eda.<\/p><\/div><\/div>\n     <div class=\"glsr-review-author\"><span class=\"glsr-tag-value\">Peterman<\/span><\/div> \n    \n<\/div>\n    <\/div>\n    <div class=\"glsr-pagination glsr-ajax-pagination\" data-display='1' data-id='glsr_0a053f1d' data-pagination='ajax'><div class=\"pagination\">\n    <nav class=\"navigation\" role=\"navigation\">\n        <h2 class=\"screen-reader-text\">Navegaci\u00f3n de las rese\u00f1as del sitio<\/h2>\n        <div class=\"nav-links\">\n            <span class=\"page-numbers current\" aria-current=\"page\" data-page='1'><span class=\"meta-nav screen-reader-text\">P\u00e1gina <\/span>1<\/span>\n<a class=\"page-numbers\" data-page=\"2\" href=\"https:\/\/todaslasplantas.com\/blog\/quienes-somos\/?reviews-page=2\"><span class=\"meta-nav screen-reader-text\">P\u00e1gina <\/span>2<\/a>\n<a class=\"page-numbers next\" data-page=\"2\" href=\"https:\/\/todaslasplantas.com\/blog\/quienes-somos\/?reviews-page=2\">Siguiente<\/a>\n        <\/div>\n    <\/nav>\n<\/div><\/div>\n<\/div><\/div><\/div>\n<\/div>\n","protected":false},"excerpt":{"rendered":"<p>Todaslasplantas.com es el departamento de venta online de una de las mayores empresas importadoras de flores y plantas artificiales de Espa\u00f1a. Todos nuestros art\u00edculos son de la m\u00e1xima calidad, tanto en dise\u00f1o como en fabricaci\u00f3n, mas de 40 a\u00f1os en este sector nos avalan. Contamos con un amplio stock de todas las plantas y la &#8230; <a title=\"Quienes somos\" class=\"read-more\" href=\"https:\/\/todaslasplantas.com\/blog\/quienes-somos\/\" aria-label=\"Leer m\u00e1s sobre Quienes somos\">Leer m\u00e1s<\/a><\/p>\n","protected":false},"author":9,"featured_media":0,"parent":0,"menu_order":0,"comment_status":"closed","ping_status":"closed","template":"","meta":{"footnotes":"","_glsr_average":0,"_glsr_ranking":0,"_glsr_reviews":0},"_links":{"self":[{"href":"https:\/\/todaslasplantas.com\/blog\/wp-json\/wp\/v2\/pages\/858"}],"collection":[{"href":"https:\/\/todaslasplantas.com\/blog\/wp-json\/wp\/v2\/pages"}],"about":[{"href":"https:\/\/todaslasplantas.com\/blog\/wp-json\/wp\/v2\/types\/page"}],"author":[{"embeddable":true,"href":"https:\/\/todaslasplantas.com\/blog\/wp-json\/wp\/v2\/users\/9"}],"replies":[{"embeddable":true,"href":"https:\/\/todaslasplantas.com\/blog\/wp-json\/wp\/v2\/comments?post=858"}],"version-history":[{"count":22,"href":"https:\/\/todaslasplantas.com\/blog\/wp-json\/wp\/v2\/pages\/858\/revisions"}],"predecessor-version":[{"id":7053,"href":"https:\/\/todaslasplantas.com\/blog\/wp-json\/wp\/v2\/pages\/858\/revisions\/7053"}],"wp:attachment":[{"href":"https:\/\/todaslasplantas.com\/blog\/wp-json\/wp\/v2\/media?parent=858"}],"curies":[{"name":"wp","href":"https:\/\/api.w.org\/{rel}","templated":true}]}}